{"id":3,"date":"2022-08-15T09:11:11","date_gmt":"2022-08-15T09:11:11","guid":{"rendered":"http:\/\/new-web.kujtesa.com\/?page_id=3"},"modified":"2022-10-11T13:15:42","modified_gmt":"2022-10-11T13:15:42","slug":"politikat-e-privatesise","status":"publish","type":"page","link":"http:\/\/www.kujtesa.com\/en\/politikat-e-privatesise\/","title":{"rendered":"Privacy Policy"},"content":{"rendered":"<div data-elementor-type=\"wp-page\" data-elementor-id=\"3\" class=\"elementor elementor-3\">\n\t\t\t\t\t\t<section class=\"elementor-section elementor-top-section elementor-element elementor-element-37b21086 elementor-section-boxed elementor-section-height-default elementor-section-height-default tcr-bg-color-transparent\" data-id=\"37b21086\" data-element_type=\"section\" data-e-type=\"section\">\n\t\t\t\t\t\t<div class=\"elementor-container elementor-column-gap-default\">\n\t\t\t\t\t<div class=\"elementor-column elementor-col-100 elementor-top-column elementor-element elementor-element-2b6973e tcr-bg-color-transparent\" data-id=\"2b6973e\" data-element_type=\"column\" data-e-type=\"column\">\n\t\t\t<div class=\"elementor-widget-wrap elementor-element-populated\">\n\t\t\t\t\t\t<div class=\"elementor-element elementor-element-3f194a74 elementor-widget elementor-widget-text-editor\" data-id=\"3f194a74\" data-element_type=\"widget\" data-e-type=\"widget\" data-widget_type=\"text-editor.default\">\n\t\t\t\t<div class=\"elementor-widget-container\">\n\t\t\t\t\t\t\t\t\t<p><\/p>\n<p><strong>Mbrojtja e t\u00eb dh\u00ebnave personale n\u00eb \u201cKujtesa Net\u201d Sh.p.k\u00a0<\/strong><\/p>\n<p>\u201cKujtesa Net\u201d Sh.p.k me adres\u00eb n\u00eb Miradi e Ep\u00ebrme, Fush\u00eb Kosov\u00eb, \u00ebsht\u00eb e themeluar n\u00eb vitin 1995 si shit\u00ebs me pakic\u00eb i pajisjeve kompjuterikesi shit\u00ebs me pakic\u00eb i pajisjeve kompjuterike dhe nga viti 2000 ka filluar me ofrimin e sh\u00ebrbimeve t\u00eb Internetit n\u00eb Kosov\u00eb p\u00ebrfshir\u00eb edhe Wireless.<\/p>\n<p>Bazuar n\u00eb Ligjin Nr.06\/L-082 \u201cP\u00ebr Mbrojtjen e t\u00eb dh\u00ebnave Personale\u201d Kujtesa Net p\u00ebrpunon t\u00eb dh\u00ebnat personale t\u00eb p\u00ebrdoruesve t\u00eb sh\u00ebrbimeve t\u00eb saj t\u00eb komunikimeve elektronike. P\u00ebrpunimi n\u00ebnkupton marrjen e t\u00eb dh\u00ebnave personale si dhe p\u00ebrdorimin e tyre p\u00ebr nevojat e zbatimit t\u00eb marr\u00ebveshjes p\u00ebr ofrimin e sh\u00ebrbimit t\u00eb zgjedhur nga p\u00ebrdoruesi.<\/p>\n<p>T\u00eb gjitha t\u00eb dh\u00ebnat personale q\u00eb Kujtesa Net mbledh nga p\u00ebrdoruesit e sh\u00ebrbimeve t\u00eb saj, p\u00ebrdoren dhe p\u00ebrpunohen n\u00eb m\u00ebnyr\u00eb t\u00eb ndershme, t\u00eb drejt\u00eb dhe gjithmon\u00eb n\u00eb p\u00ebrputhje t\u00eb plot\u00eb me legjislacionin n\u00eb fuqi.<\/p>\n<p>\u00a0<\/p>\n<p><strong>Konform Ligjit \u201cKujtesa Net\u201d mbledh t\u00eb dh\u00ebnat personale si:<\/strong><\/p>\n<ul>\n<li>Emri, mbiemri, numri personal, adresa, e-mail adresa, numri kontaktues;<\/li>\n<li>T\u00eb dh\u00ebnat q\u00eb nd\u00ebrlidhen me sh\u00ebrbimin e internetit, si\u00e7 mund t\u00eb jen\u00eb e-mail adresa, username, IP adresa, lokacioni p\u00ebr Ip adres\u00eb;<\/li>\n<li>T\u00eb dh\u00ebnat q\u00eb nd\u00ebrlidhen me sh\u00ebrbimin e televizionit DTV;<\/li>\n<li>T\u00eb dh\u00ebnat q\u00eb nd\u00ebrlidhen me aplikacionet e Kujtesa Net p\u00ebr blerje t\u00eb sh\u00ebrbimeve online si dhe n\u00eb web faqen zyrtare t\u00eb Kujtes\u00ebs.<\/li>\n<li>Thirrjet drejtuar Qendr\u00ebs s\u00eb thirrjeve t\u00eb Kujtes\u00eb me rastin e parashtrimit t\u00eb Ankesave\/K\u00ebrkesave.<\/li>\n<\/ul>\n<p><strong>Bazuar n\u00eb dh\u00ebnien e p\u00eblqimit sipas Ligjit<\/strong> <strong>Nr.06\/L-082\u00a0 \u201cP\u00ebr Mbrojtjen e t\u00eb Dh\u00ebnave Personale\u201d<\/strong> p\u00ebrpunimi do t\u00eb kryhet;<\/p>\n<ul>\n<li>P\u00ebr t\u00eb p\u00ebrmbushur detyrimet kontraktuale dhe p\u00ebr t\u00eb mbrojtur interesat e ligjshme t\u00eb kompanis\u00eb ose t\u00eb pal\u00ebve t\u00eb treta.<\/li>\n<li>P\u00ebr t\u00eb p\u00ebrmbushim detyrimet ligjore.<\/li>\n<li>P\u00ebr t\u00eb p\u00ebrmbushur interesat tona legjitime, p\u00ebr shembull p\u00ebr t\u00eb kuptuar se si i p\u00ebrdorni sh\u00ebrbimet tona t\u00eb produkteve e cila na lejon t\u00eb zhvillojm\u00eb produkte dhe sh\u00ebrbime t\u00eb reja dhe t\u00eb personalizojm\u00eb sh\u00ebrbimin p\u00ebr ju.<\/li>\n<li>Informacion t\u00eb personalizuar p\u00ebr ofertat e Kujtes\u00ebs<\/li>\n<li>P\u00ebr marketingun e sh\u00ebrbimeve tona.<\/li>\n<li>Adresa e protokollit t\u00eb internetit (IP adresa),<\/li>\n<li>T\u00eb gjitha t\u00eb dh\u00ebnat dhe informatat e tjera t\u00eb ngjashme q\u00eb mund t\u00eb p\u00ebrdoren n\u00eb rast t\u00eb sulmeve ndaj sistemeve tona t\u00eb teknologjis\u00eb s\u00eb informacionit.<\/li>\n<\/ul>\n<p><strong>Cookies\u00a0<\/strong><\/p>\n<p>P\u00ebrmes p\u00ebrdorimit t\u00eb cookies n\u00eb web faqen\u00a0 zyrtare\u00a0 <a href=\"https:\/\/www.kujtesa.com\/en\/\">https:\/\/www.kujtesa.com\/\u00a0<\/a> mund t&#8217;u ofroj\u00eb p\u00ebrdoruesve t\u00eb k\u00ebsaj faqeje t\u00eb internetit sh\u00ebrbime m\u00eb t\u00eb lehta p\u00ebr p\u00ebrdoruesit e q\u00eb nuk do t\u00eb ishin t\u00eb mundshme pa vendosjen e cookies. Me an\u00eb t\u00eb nj\u00eb cookie, informacioni dhe ofertat n\u00eb faqen ton\u00eb t\u00eb internetit mund t\u00eb optimizohen duke pasur n\u00eb mendje p\u00ebrdoruesin. Cookies na lejojn\u00eb, t\u00eb njohim p\u00ebrdoruesit e faqes ton\u00eb. Q\u00ebllimi i k\u00ebsaj njohje \u00ebsht\u00eb q\u00eb t&#8217;ua leht\u00ebsoj\u00eb p\u00ebrdoruesve shfryt\u00ebzimin e faqes ton\u00eb t\u00eb internetit. P\u00ebrdoruesi i faqes q\u00eb p\u00ebrdor cookies, p.sh. nuk duhet t\u00eb sh\u00ebnoj t\u00eb dh\u00ebnat p\u00ebr qasje sa her\u00eb q\u00eb qaset n\u00eb faqen e internetit, sepse kjo b\u00ebhet nga faqja e internetit, dhe cookie \u00ebsht\u00eb ruajtur n\u00eb sistemin e kompjuterit t\u00eb p\u00ebrdoruesit. Subjekti i t\u00eb dh\u00ebnave mundet n\u00eb \u00e7do koh\u00eb t\u00eb parandaloj\u00eb vendosjen e cookies n\u00ebp\u00ebrmjet faqes son\u00eb t\u00eb internetit me an\u00eb t\u00eb nj\u00eb aranzhimi korresponduese t\u00eb shfletuesit t\u00eb internetit dhe k\u00ebshtu mund t\u00eb mohoj\u00eb p\u00ebrgjithmon\u00eb vendosjen e cookies. P\u00ebr m\u00eb tep\u00ebr, cookies tashm\u00eb t\u00eb vendosura mund t\u00eb fshihen n\u00eb \u00e7do koh\u00eb n\u00ebp\u00ebrmjet shfletuesit t\u00eb internetit ose programeve t\u00eb tjera softuerike. Kjo \u00ebsht\u00eb e mundur n\u00eb t\u00eb gjith\u00eb shfletuesit e internetit. N\u00ebse subjekti i t\u00eb dh\u00ebnave deaktivizon vendosjen e cookies n\u00eb shfletuesin e Internetit, jo t\u00eb gjitha funksionet e faqes son\u00eb t\u00eb internetit mund t\u00eb jen\u00eb plot\u00ebsisht t\u00eb p\u00ebrdorshme.<\/p>\n<p>\u00a0<\/p>\n<p><strong>Ruajtja e t\u00eb dh\u00ebnave nga Kujtesa<\/strong><\/p>\n<p>Kujtesa ruan t\u00eb dh\u00ebnat personale vet\u00ebm p\u00ebr aq koh\u00eb sa \u00ebsht\u00eb e nevojshme p\u00ebr arritjen e q\u00ebllimit, p\u00ebr t\u00eb cilin jan\u00eb grumbulluar ose p\u00ebrpunuar m\u00eb tutje. Me rastin e p\u00ebrmbushjes s\u00eb q\u00ebllimit t\u00eb p\u00ebrpunimit,\u00a0 ne mund t\u00eb ruajm\u00eb t\u00eb dh\u00ebnat tuaja personale edhe pas mbylljes s\u00eb llogaris\u00eb tuaj p\u00ebr t\u00eb parandaluar mashtrimin, p\u00ebr t\u00eb mbledhur ndonj\u00eb borxh t\u00eb papaguar, zgjidhjen e kontesteve, p\u00ebr t\u00eb zbatuar marr\u00ebveshjen ton\u00eb p\u00ebr Kushtet e P\u00ebrdorimit, p\u00ebr t\u00eb ndihmuar \u00e7do hetim, dhe t\u00eb nd\u00ebrmarr\u00eb veprime t\u00eb tjera t\u00eb lejuara ose t\u00eb k\u00ebrkuara me ligjet e aplikueshme, pastaj t\u00eb dh\u00ebnat personale asgj\u00ebsohen, fshihen, shkat\u00ebrrohen, bllokohen ose b\u00ebhen anonime, p\u00ebrve\u00e7 n\u00ebse \u00ebsht\u00eb parapar\u00eb ndryshe me ndonj\u00eb ligj tjet\u00ebr p\u00ebrkat\u00ebs.<\/p>\n<p><strong>\u00a0<\/strong><\/p>\n<p><strong>Zbulimi i t\u00eb dh\u00ebnave tek Agjencit\u00eb dhe Organet e zbatimit t\u00eb ligjit<\/strong><\/p>\n<p>Kujtesa mund t\u00eb zbuloj\u00eb informacionin tuaj p\u00ebr organet e zbatimit t\u00eb ligjit, agjencit\u00eb qeveritare ose pal\u00ebt e treta t\u00eb autorizuara, n\u00eb p\u00ebrgjigje t\u00eb nj\u00eb k\u00ebrkese t\u00eb verifikuar n\u00eb lidhje me veprimet terroriste, hetimet penale ose aktivitetet e pretenduara t\u00eb paligjshme ose ndonj\u00eb aktivitet tjet\u00ebr q\u00eb mund t\u00eb na ekspozoj\u00eb, ose ndonj\u00eb p\u00ebrdorues tjet\u00ebr\u00a0 para ndonj\u00eb p\u00ebrgjegj\u00ebsie ligjore. Kujtesa \u00ebsht\u00eb e detyruar q\u00eb n\u00eb mb\u00ebshtetje t\u00eb kuadrit ligjor apo n\u00eb zbatim t\u00eb urdhrit t\u00eb prokuroris\u00eb apo gjykat\u00ebs kompetente, t\u2019i p\u00ebrcjell\u00eb t\u00eb dh\u00ebnat tuaja personale n\u00ebse k\u00ebrkohet organeve t\u00eb specializuara t\u00eb shtetit vet\u00ebm n\u00eb rast t\u00eb nj\u00eb hetimi penal.<\/p>\n<p>\u00a0<\/p>\n<p><strong>Kontakti<\/strong><\/p>\n<p>\u00c7far\u00ebdo pyetje q\u00eb keni n\u00eb lidhje me politik\u00ebn e privat\u00ebsis\u00eb ju lutem t\u00eb mos hezitoni t\u00eb na\u00a0kontaktoni, n\u00ebse keni pyetje, v\u00ebrejtje, k\u00ebrkesa apo ankesa n\u00eb lidhje me p\u00ebrdorimin e t\u00eb dh\u00ebnave p\u00ebr q\u00ebllimin e m\u00ebsip\u00ebrm, ju lutemi t\u00eb na kontaktoni me shkrim n\u00eb adres\u00ebn <a href=\"https:\/\/www.kujtesa.com\/en\/\">\u00a0<strong>info@kujtesa.com<\/strong><\/a><\/p>\n<p>\u00a0<\/p>\n<p><\/p>\t\t\t\t\t\t\t\t<\/div>\n\t\t\t\t<\/div>\n\t\t\t\t\t<\/div>\n\t\t<\/div>\n\t\t\t\t\t<\/div>\n\t\t<\/section>\n\t\t\t\t<\/div>","protected":false},"excerpt":{"rendered":"<p>Mbrojtja e t\u00eb dh\u00ebnave personale n\u00eb \u201cKujtesa Net\u201d Sh.p.k\u00a0 \u201cKujtesa Net\u201d Sh.p.k me adres\u00eb n\u00eb Miradi e Ep\u00ebrme, Fush\u00eb Kosov\u00eb, \u00ebsht\u00eb e themeluar n\u00eb vitin 1995 si shit\u00ebs me pakic\u00eb i pajisjeve kompjuterikesi shit\u00ebs me pakic\u00eb i pajisjeve kompjuterike dhe nga viti 2000 ka filluar me ofrimin e sh\u00ebrbimeve t\u00eb Internetit n\u00eb Kosov\u00eb p\u00ebrfshir\u00eb edhe [&hellip;]<\/p>\n","protected":false},"author":1,"featured_media":0,"parent":0,"menu_order":0,"comment_status":"closed","ping_status":"closed","template":"","meta":{"_acf_changed":false,"_monsterinsights_skip_tracking":false,"_monsterinsights_sitenote_active":false,"_monsterinsights_sitenote_note":"","_monsterinsights_sitenote_category":0,"footnotes":""},"class_list":["post-3","page","type-page","status-publish","hentry","without-image"],"acf":[],"yoast_head":"<!-- This site is optimized with the Yoast SEO plugin v27.5 - https:\/\/yoast.com\/product\/yoast-seo-wordpress\/ -->\n<title>Politika e Privat\u00ebsis\u00eb - Kujtesa<\/title>\n<meta name=\"robots\" content=\"index, follow, max-snippet:-1, max-image-preview:large, max-video-preview:-1\" \/>\n<link rel=\"canonical\" href=\"https:\/\/www.kujtesa.com\/en\/politikat-e-privatesise\/\" \/>\n<meta property=\"og:locale\" content=\"en_US\" \/>\n<meta property=\"og:type\" content=\"article\" \/>\n<meta property=\"og:title\" content=\"Politika e Privat\u00ebsis\u00eb - Kujtesa\" \/>\n<meta property=\"og:description\" content=\"Mbrojtja e t\u00eb dh\u00ebnave personale n\u00eb \u201cKujtesa Net\u201d Sh.p.k\u00a0 \u201cKujtesa Net\u201d Sh.p.k me adres\u00eb n\u00eb Miradi e Ep\u00ebrme, Fush\u00eb Kosov\u00eb, \u00ebsht\u00eb e themeluar n\u00eb vitin 1995 si shit\u00ebs me pakic\u00eb i pajisjeve kompjuterikesi shit\u00ebs me pakic\u00eb i pajisjeve kompjuterike dhe nga viti 2000 ka filluar me ofrimin e sh\u00ebrbimeve t\u00eb Internetit n\u00eb Kosov\u00eb p\u00ebrfshir\u00eb edhe [&hellip;]\" \/>\n<meta property=\"og:url\" content=\"https:\/\/www.kujtesa.com\/en\/politikat-e-privatesise\/\" \/>\n<meta property=\"og:site_name\" content=\"Kujtesa\" \/>\n<meta property=\"article:publisher\" content=\"https:\/\/www.facebook.com\/KujtesaNet\" \/>\n<meta property=\"article:modified_time\" content=\"2022-10-11T13:15:42+00:00\" \/>\n<meta name=\"twitter:card\" content=\"summary_large_image\" \/>\n<meta name=\"twitter:label1\" content=\"Est. reading time\" \/>\n\t<meta name=\"twitter:data1\" content=\"4 minutes\" \/>\n<script type=\"application\/ld+json\" class=\"yoast-schema-graph\">{\"@context\":\"https:\\\/\\\/schema.org\",\"@graph\":[{\"@type\":\"WebPage\",\"@id\":\"https:\\\/\\\/www.kujtesa.com\\\/politikat-e-privatesise\\\/\",\"url\":\"https:\\\/\\\/www.kujtesa.com\\\/politikat-e-privatesise\\\/\",\"name\":\"Politika e Privat\u00ebsis\u00eb - Kujtesa\",\"isPartOf\":{\"@id\":\"https:\\\/\\\/www.kujtesa.com\\\/#website\"},\"datePublished\":\"2022-08-15T09:11:11+00:00\",\"dateModified\":\"2022-10-11T13:15:42+00:00\",\"breadcrumb\":{\"@id\":\"https:\\\/\\\/www.kujtesa.com\\\/politikat-e-privatesise\\\/#breadcrumb\"},\"inLanguage\":\"en-US\",\"potentialAction\":[{\"@type\":\"ReadAction\",\"target\":[\"https:\\\/\\\/www.kujtesa.com\\\/politikat-e-privatesise\\\/\"]}]},{\"@type\":\"BreadcrumbList\",\"@id\":\"https:\\\/\\\/www.kujtesa.com\\\/politikat-e-privatesise\\\/#breadcrumb\",\"itemListElement\":[{\"@type\":\"ListItem\",\"position\":1,\"name\":\"Ballina\",\"item\":\"https:\\\/\\\/www.kujtesa.com\\\/\"},{\"@type\":\"ListItem\",\"position\":2,\"name\":\"Politika e Privat\u00ebsis\u00eb\"}]},{\"@type\":\"WebSite\",\"@id\":\"https:\\\/\\\/www.kujtesa.com\\\/#website\",\"url\":\"https:\\\/\\\/www.kujtesa.com\\\/\",\"name\":\"Kujtesa\",\"description\":\"\",\"publisher\":{\"@id\":\"https:\\\/\\\/www.kujtesa.com\\\/#organization\"},\"potentialAction\":[{\"@type\":\"SearchAction\",\"target\":{\"@type\":\"EntryPoint\",\"urlTemplate\":\"https:\\\/\\\/www.kujtesa.com\\\/?s={search_term_string}\"},\"query-input\":{\"@type\":\"PropertyValueSpecification\",\"valueRequired\":true,\"valueName\":\"search_term_string\"}}],\"inLanguage\":\"en-US\"},{\"@type\":\"Organization\",\"@id\":\"https:\\\/\\\/www.kujtesa.com\\\/#organization\",\"name\":\"Kujtesa Net\",\"url\":\"https:\\\/\\\/www.kujtesa.com\\\/\",\"logo\":{\"@type\":\"ImageObject\",\"inLanguage\":\"en-US\",\"@id\":\"https:\\\/\\\/www.kujtesa.com\\\/#\\\/schema\\\/logo\\\/image\\\/\",\"url\":\"https:\\\/\\\/www.kujtesa.com\\\/wp-content\\\/uploads\\\/2022\\\/08\\\/k_logo.png\",\"contentUrl\":\"https:\\\/\\\/www.kujtesa.com\\\/wp-content\\\/uploads\\\/2022\\\/08\\\/k_logo.png\",\"width\":300,\"height\":233,\"caption\":\"Kujtesa Net\"},\"image\":{\"@id\":\"https:\\\/\\\/www.kujtesa.com\\\/#\\\/schema\\\/logo\\\/image\\\/\"},\"sameAs\":[\"https:\\\/\\\/www.facebook.com\\\/KujtesaNet\",\"https:\\\/\\\/www.linkedin.com\\\/company\\\/kujtesa\\\/mycompany\\\/\",\"https:\\\/\\\/www.youtube.com\\\/channel\\\/UCuHH5ROizCFOirRY8b47dPA\",\"https:\\\/\\\/www.instagram.com\\\/KujtesaOfficial\\\/\"]}]}<\/script>\n<!-- \/ Yoast SEO plugin. -->","yoast_head_json":{"title":"Politika e Privat\u00ebsis\u00eb - Kujtesa","robots":{"index":"index","follow":"follow","max-snippet":"max-snippet:-1","max-image-preview":"max-image-preview:large","max-video-preview":"max-video-preview:-1"},"canonical":"https:\/\/www.kujtesa.com\/en\/politikat-e-privatesise\/","og_locale":"en_US","og_type":"article","og_title":"Politika e Privat\u00ebsis\u00eb - Kujtesa","og_description":"Mbrojtja e t\u00eb dh\u00ebnave personale n\u00eb \u201cKujtesa Net\u201d Sh.p.k\u00a0 \u201cKujtesa Net\u201d Sh.p.k me adres\u00eb n\u00eb Miradi e Ep\u00ebrme, Fush\u00eb Kosov\u00eb, \u00ebsht\u00eb e themeluar n\u00eb vitin 1995 si shit\u00ebs me pakic\u00eb i pajisjeve kompjuterikesi shit\u00ebs me pakic\u00eb i pajisjeve kompjuterike dhe nga viti 2000 ka filluar me ofrimin e sh\u00ebrbimeve t\u00eb Internetit n\u00eb Kosov\u00eb p\u00ebrfshir\u00eb edhe [&hellip;]","og_url":"https:\/\/www.kujtesa.com\/en\/politikat-e-privatesise\/","og_site_name":"Kujtesa","article_publisher":"https:\/\/www.facebook.com\/KujtesaNet","article_modified_time":"2022-10-11T13:15:42+00:00","twitter_card":"summary_large_image","twitter_misc":{"Est. reading time":"4 minutes"},"schema":{"@context":"https:\/\/schema.org","@graph":[{"@type":"WebPage","@id":"https:\/\/www.kujtesa.com\/politikat-e-privatesise\/","url":"https:\/\/www.kujtesa.com\/politikat-e-privatesise\/","name":"Politika e Privat\u00ebsis\u00eb - Kujtesa","isPartOf":{"@id":"https:\/\/www.kujtesa.com\/#website"},"datePublished":"2022-08-15T09:11:11+00:00","dateModified":"2022-10-11T13:15:42+00:00","breadcrumb":{"@id":"https:\/\/www.kujtesa.com\/politikat-e-privatesise\/#breadcrumb"},"inLanguage":"en-US","potentialAction":[{"@type":"ReadAction","target":["https:\/\/www.kujtesa.com\/politikat-e-privatesise\/"]}]},{"@type":"BreadcrumbList","@id":"https:\/\/www.kujtesa.com\/politikat-e-privatesise\/#breadcrumb","itemListElement":[{"@type":"ListItem","position":1,"name":"Ballina","item":"https:\/\/www.kujtesa.com\/"},{"@type":"ListItem","position":2,"name":"Politika e Privat\u00ebsis\u00eb"}]},{"@type":"WebSite","@id":"https:\/\/www.kujtesa.com\/#website","url":"https:\/\/www.kujtesa.com\/","name":"Kujtesa","description":"","publisher":{"@id":"https:\/\/www.kujtesa.com\/#organization"},"potentialAction":[{"@type":"SearchAction","target":{"@type":"EntryPoint","urlTemplate":"https:\/\/www.kujtesa.com\/?s={search_term_string}"},"query-input":{"@type":"PropertyValueSpecification","valueRequired":true,"valueName":"search_term_string"}}],"inLanguage":"en-US"},{"@type":"Organization","@id":"https:\/\/www.kujtesa.com\/#organization","name":"Kujtesa Net","url":"https:\/\/www.kujtesa.com\/","logo":{"@type":"ImageObject","inLanguage":"en-US","@id":"https:\/\/www.kujtesa.com\/#\/schema\/logo\/image\/","url":"https:\/\/www.kujtesa.com\/wp-content\/uploads\/2022\/08\/k_logo.png","contentUrl":"https:\/\/www.kujtesa.com\/wp-content\/uploads\/2022\/08\/k_logo.png","width":300,"height":233,"caption":"Kujtesa Net"},"image":{"@id":"https:\/\/www.kujtesa.com\/#\/schema\/logo\/image\/"},"sameAs":["https:\/\/www.facebook.com\/KujtesaNet","https:\/\/www.linkedin.com\/company\/kujtesa\/mycompany\/","https:\/\/www.youtube.com\/channel\/UCuHH5ROizCFOirRY8b47dPA","https:\/\/www.instagram.com\/KujtesaOfficial\/"]}]}},"jetpack-related-posts":[{"id":20803,"url":"http:\/\/www.kujtesa.com\/en\/per-shtepi\/","url_meta":{"origin":3,"position":0},"title":"Residents","author":"kujtesaDco","date":"August 17, 2022","format":false,"excerpt":"PAKO KUJTESA Pakot e sh\u00ebrbimeve Kujtesa p\u00ebr sht\u00ebpi ofron sh\u00ebrbime t\u00eb internetit dhe t\u00eb platform\u00ebs televizive p\u00ebr klintet e saj. Duke pas n\u00eb dispozicion tri pako t\u00eb ndryshme q\u00eb klient\u00ebt t\u00eb ken\u00eb mundesi p\u00ebrzgjedhje var\u00ebsisht nga preferencat q\u00eb ata kan\u00eb. Pako Full: ofron deri n\u00eb 500Mbps shpejt\u00ebsi t\u00eb internetit dhe\u2026","rel":"","context":"Similar post","block_context":{"text":"Similar post","link":""},"img":{"alt_text":"Kujtesa | Internet | Sport | TV","src":"https:\/\/i0.wp.com\/www.kujtesa.com\/wp-content\/uploads\/2022\/09\/kujtesa_imazh-1.png?fit=1200%2C630&ssl=1&resize=350%2C200","width":350,"height":200,"srcset":"https:\/\/i0.wp.com\/www.kujtesa.com\/wp-content\/uploads\/2022\/09\/kujtesa_imazh-1.png?fit=1200%2C630&ssl=1&resize=350%2C200 1x, https:\/\/i0.wp.com\/www.kujtesa.com\/wp-content\/uploads\/2022\/09\/kujtesa_imazh-1.png?fit=1200%2C630&ssl=1&resize=525%2C300 1.5x, https:\/\/i0.wp.com\/www.kujtesa.com\/wp-content\/uploads\/2022\/09\/kujtesa_imazh-1.png?fit=1200%2C630&ssl=1&resize=700%2C400 2x, https:\/\/i0.wp.com\/www.kujtesa.com\/wp-content\/uploads\/2022\/09\/kujtesa_imazh-1.png?fit=1200%2C630&ssl=1&resize=1050%2C600 3x"},"classes":[]},{"id":13653,"url":"http:\/\/www.kujtesa.com\/en\/","url_meta":{"origin":3,"position":1},"title":"Home","author":"kujtesaDco","date":"March 1, 2022","format":false,"excerpt":"Kujtesa jote,P\u00ebrjetim i ri Platforma m\u00eb e fort\u00eb n\u00eb treg me internetin m\u00eb t\u00eb shpejt\u00eb p\u00ebr sht\u00ebpin\u00eb apo biznesin tuaj, me platform\u00ebn m\u00eb t\u00eb gjer\u00eb televizive.Internet | HD TV | HD Sport bone oferten p\u00ebr veti Plani i sh\u00ebrbimeve 11+1 Pako Full Internet + TV + SPort 34.50\u20ac 29.50\u20ac n\u00eb\u2026","rel":"","context":"Similar post","block_context":{"text":"Similar post","link":""},"img":{"alt_text":"Kujtesa | Internet | Sport | TV","src":"https:\/\/i0.wp.com\/www.kujtesa.com\/wp-content\/uploads\/2022\/09\/kujtesa_imazh-1.png?fit=1200%2C630&ssl=1&resize=350%2C200","width":350,"height":200,"srcset":"https:\/\/i0.wp.com\/www.kujtesa.com\/wp-content\/uploads\/2022\/09\/kujtesa_imazh-1.png?fit=1200%2C630&ssl=1&resize=350%2C200 1x, https:\/\/i0.wp.com\/www.kujtesa.com\/wp-content\/uploads\/2022\/09\/kujtesa_imazh-1.png?fit=1200%2C630&ssl=1&resize=525%2C300 1.5x, https:\/\/i0.wp.com\/www.kujtesa.com\/wp-content\/uploads\/2022\/09\/kujtesa_imazh-1.png?fit=1200%2C630&ssl=1&resize=700%2C400 2x, https:\/\/i0.wp.com\/www.kujtesa.com\/wp-content\/uploads\/2022\/09\/kujtesa_imazh-1.png?fit=1200%2C630&ssl=1&resize=1050%2C600 3x"},"classes":[]},{"id":25351,"url":"http:\/\/www.kujtesa.com\/en\/kujtesa-perditeson-oferten-televizive-per-vitin-2026\/","url_meta":{"origin":3,"position":2},"title":"Lajm: Kujtesa p\u00ebrdit\u00ebson ofert\u00ebn televizive p\u00ebr vitin 2026","author":"kujtesaDco","date":"January 13, 2026","format":false,"excerpt":"Dt: 10.01.2026Kompania Kujtesa njofton t\u00eb gjith\u00eb klient\u00ebt e saj se po vazhdon me faz\u00ebn e radh\u00ebs t\u00eb modernizimit t\u00eb platform\u00ebs televizive. Si pjes\u00eb e k\u00ebtij plani p\u00ebr t\u00eb sjell\u00eb p\u00ebrmbajtje m\u00eb inovative, lista e kanaleve tona do t\u00eb p\u00ebsoj\u00eb disa modifikime strukturale.N\u00eb kuad\u00ebr t\u00eb k\u00ebtij p\u00ebrdit\u00ebsimi, ju informojm\u00eb se transmetimi\u2026","rel":"","context":"Similar post","block_context":{"text":"Similar post","link":""},"img":{"alt_text":"","src":"","width":0,"height":0},"classes":[]},{"id":20805,"url":"http:\/\/www.kujtesa.com\/en\/kujtesa-sport\/","url_meta":{"origin":3,"position":3},"title":"Kujtesa Sport","author":"kujtesaDco","date":"August 17, 2022","format":false,"excerpt":"Sporti n\u00eb Kujtesa, e b\u00ebn platform\u00ebn ton\u00eb larg m\u00eb t\u00eb bujshmen dhe m\u00eb t\u00eb mir\u00ebn pasi defilojn\u00eb ligat m\u00eb ekskluzive sportive n\u00eb t\u00ebr\u00eb vendin dhe ofron mbi 30 liga t\u00eb sporteve m\u00eb me nam si: Premier League, La Liga spanjolle, UEFA Liga e Kampion\u00ebve, Europa League, Conference League, Serie A,\u2026","rel":"","context":"Similar post","block_context":{"text":"Similar post","link":""},"img":{"alt_text":"kujtesa","src":"https:\/\/i0.wp.com\/www.kujtesa.com\/wp-content\/uploads\/2022\/09\/ogImage_kujtesa-01.png?fit=1200%2C630&ssl=1&resize=350%2C200","width":350,"height":200,"srcset":"https:\/\/i0.wp.com\/www.kujtesa.com\/wp-content\/uploads\/2022\/09\/ogImage_kujtesa-01.png?fit=1200%2C630&ssl=1&resize=350%2C200 1x, https:\/\/i0.wp.com\/www.kujtesa.com\/wp-content\/uploads\/2022\/09\/ogImage_kujtesa-01.png?fit=1200%2C630&ssl=1&resize=525%2C300 1.5x, https:\/\/i0.wp.com\/www.kujtesa.com\/wp-content\/uploads\/2022\/09\/ogImage_kujtesa-01.png?fit=1200%2C630&ssl=1&resize=700%2C400 2x, https:\/\/i0.wp.com\/www.kujtesa.com\/wp-content\/uploads\/2022\/09\/ogImage_kujtesa-01.png?fit=1200%2C630&ssl=1&resize=1050%2C600 3x"},"classes":[]},{"id":24066,"url":"http:\/\/www.kujtesa.com\/en\/per-shtepi\/pako-full\/","url_meta":{"origin":3,"position":4},"title":"Pako Full","author":"kujtesaDco","date":"April 9, 2024","format":false,"excerpt":"Pako Full ofron deri n\u00eb 500Mbps shpejt\u00ebsi t\u00eb internetit dhe mbi 280+ kanale t\u00eb reja komb\u00ebtare e nd\u00ebrkomb\u00ebtare, me filmat m\u00eb t\u00eb fundit, emisione dhe seriale pa fund dhe platform\u00ebn e kanaleve Turke. E p\u00ebr Sport dash\u00ebsit tan\u00eb, tani mund t\u00eb shikojn\u00eb 30+ Ligat m\u00eb ekskluzive t\u00eb Sportit nd\u00ebrkomb\u00ebtar n\u00eb\u2026","rel":"","context":"Similar post","block_context":{"text":"Similar post","link":""},"img":{"alt_text":"","src":"https:\/\/i0.wp.com\/www.kujtesa.com\/wp-content\/uploads\/2025\/11\/pakot-per-web-kujtesa-05.png?resize=350%2C200&ssl=1","width":350,"height":200},"classes":[]},{"id":22056,"url":"http:\/\/www.kujtesa.com\/en\/per-shtepi\/pako-familjare\/","url_meta":{"origin":3,"position":5},"title":"Pako Familjare","author":"kujtesaDco","date":"October 3, 2022","format":false,"excerpt":"Pako Familjare \u00ebsht\u00eb pako e kompletuar p\u00ebr t\u00eb gjith\u00eb Familjen, e cila ofron deri n\u00eb 150Mbps shpejt\u00ebsi t\u00eb internetit dhe mbi 220 kanale ekskluzive komb\u00ebtare dhe nd\u00ebrkomb\u00ebtare, me filma, serialet dhe emisionet m\u00eb t\u00eb shikuara. Po ashtu, ofron edhe 3 Ligat Kombetare m\u00eb t\u00eb shikuara t\u00eb Sportit n\u00eb Kujtesa. Oferta:\u2026","rel":"","context":"Similar post","block_context":{"text":"Similar post","link":""},"img":{"alt_text":"Pako Familjare","src":"https:\/\/i0.wp.com\/www.kujtesa.com\/wp-content\/uploads\/2022\/11\/315359459_502976481873410_4072835186103251756_n-1.jpg?fit=1200%2C1200&ssl=1&resize=350%2C200","width":350,"height":200,"srcset":"https:\/\/i0.wp.com\/www.kujtesa.com\/wp-content\/uploads\/2022\/11\/315359459_502976481873410_4072835186103251756_n-1.jpg?fit=1200%2C1200&ssl=1&resize=350%2C200 1x, https:\/\/i0.wp.com\/www.kujtesa.com\/wp-content\/uploads\/2022\/11\/315359459_502976481873410_4072835186103251756_n-1.jpg?fit=1200%2C1200&ssl=1&resize=525%2C300 1.5x, https:\/\/i0.wp.com\/www.kujtesa.com\/wp-content\/uploads\/2022\/11\/315359459_502976481873410_4072835186103251756_n-1.jpg?fit=1200%2C1200&ssl=1&resize=700%2C400 2x, https:\/\/i0.wp.com\/www.kujtesa.com\/wp-content\/uploads\/2022\/11\/315359459_502976481873410_4072835186103251756_n-1.jpg?fit=1200%2C1200&ssl=1&resize=1050%2C600 3x"},"classes":[]}],"jetpack_sharing_enabled":true,"_links":{"self":[{"href":"http:\/\/www.kujtesa.com\/en\/wp-json\/wp\/v2\/pages\/3","targetHints":{"allow":["GET"]}}],"collection":[{"href":"http:\/\/www.kujtesa.com\/en\/wp-json\/wp\/v2\/pages"}],"about":[{"href":"http:\/\/www.kujtesa.com\/en\/wp-json\/wp\/v2\/types\/page"}],"author":[{"embeddable":true,"href":"http:\/\/www.kujtesa.com\/en\/wp-json\/wp\/v2\/users\/1"}],"replies":[{"embeddable":true,"href":"http:\/\/www.kujtesa.com\/en\/wp-json\/wp\/v2\/comments?post=3"}],"version-history":[{"count":10,"href":"http:\/\/www.kujtesa.com\/en\/wp-json\/wp\/v2\/pages\/3\/revisions"}],"predecessor-version":[{"id":22343,"href":"http:\/\/www.kujtesa.com\/en\/wp-json\/wp\/v2\/pages\/3\/revisions\/22343"}],"wp:attachment":[{"href":"http:\/\/www.kujtesa.com\/en\/wp-json\/wp\/v2\/media?parent=3"}],"curies":[{"name":"wp","href":"https:\/\/api.w.org\/{rel}","templated":true}]}}