{"id":20805,"date":"2022-08-17T07:29:31","date_gmt":"2022-08-17T07:29:31","guid":{"rendered":"http:\/\/new-web.kujtesa.com\/?page_id=20805"},"modified":"2025-09-16T07:37:55","modified_gmt":"2025-09-16T07:37:55","slug":"kujtesa-sport","status":"publish","type":"page","link":"http:\/\/www.kujtesa.com\/en\/kujtesa-sport\/","title":{"rendered":"Kujtesa Sport"},"content":{"rendered":"<div data-elementor-type=\"wp-page\" data-elementor-id=\"20805\" class=\"elementor elementor-20805\">\n\t\t\t\t\t\t<section class=\"elementor-section elementor-top-section elementor-element elementor-element-5c70013 elementor-section-boxed elementor-section-height-default elementor-section-height-default tcr-bg-color-transparent\" data-id=\"5c70013\" data-element_type=\"section\" data-e-type=\"section\">\n\t\t\t\t\t\t<div class=\"elementor-container elementor-column-gap-default\">\n\t\t\t\t\t<div class=\"elementor-column elementor-col-100 elementor-top-column elementor-element elementor-element-8a9fe65 tcr-bg-color-transparent\" data-id=\"8a9fe65\" data-element_type=\"column\" data-e-type=\"column\">\n\t\t\t<div class=\"elementor-widget-wrap elementor-element-populated\">\n\t\t\t\t\t\t<div class=\"elementor-element elementor-element-5c12d69 elementor-widget elementor-widget-spacer\" data-id=\"5c12d69\" data-element_type=\"widget\" data-e-type=\"widget\" data-widget_type=\"spacer.default\">\n\t\t\t\t<div class=\"elementor-widget-container\">\n\t\t\t\t\t\t\t<div class=\"elementor-spacer\">\n\t\t\t<div class=\"elementor-spacer-inner\"><\/div>\n\t\t<\/div>\n\t\t\t\t\t\t<\/div>\n\t\t\t\t<\/div>\n\t\t\t\t<section class=\"elementor-section elementor-inner-section elementor-element elementor-element-a58fc84 elementor-section-boxed elementor-section-height-default elementor-section-height-default tcr-bg-color-transparent\" data-id=\"a58fc84\" data-element_type=\"section\" data-e-type=\"section\">\n\t\t\t\t\t\t<div class=\"elementor-container elementor-column-gap-default\">\n\t\t\t\t\t<div class=\"elementor-column elementor-col-50 elementor-inner-column elementor-element elementor-element-3216bd3 tcr-bg-color-transparent\" data-id=\"3216bd3\" data-element_type=\"column\" data-e-type=\"column\">\n\t\t\t<div class=\"elementor-widget-wrap elementor-element-populated\">\n\t\t\t\t\t\t<div class=\"elementor-element elementor-element-7e876a9 elementor-widget elementor-widget-image\" data-id=\"7e876a9\" data-element_type=\"widget\" data-e-type=\"widget\" data-widget_type=\"image.default\">\n\t\t\t\t<div class=\"elementor-widget-container\">\n\t\t\t\t\t\t\t\t\t\t\t\t\t\t\t<img fetchpriority=\"high\" decoding=\"async\" width=\"640\" height=\"626\" src=\"https:\/\/i0.wp.com\/www.kujtesa.com\/wp-content\/uploads\/2024\/04\/web-kujtesa-02.jpg?fit=640%2C626&amp;ssl=1\" class=\"attachment-large size-large wp-image-23902\" alt=\"\" srcset=\"https:\/\/i0.wp.com\/www.kujtesa.com\/wp-content\/uploads\/2024\/04\/web-kujtesa-02.jpg?w=1508&amp;ssl=1 1508w, https:\/\/i0.wp.com\/www.kujtesa.com\/wp-content\/uploads\/2024\/04\/web-kujtesa-02.jpg?resize=300%2C293&amp;ssl=1 300w, https:\/\/i0.wp.com\/www.kujtesa.com\/wp-content\/uploads\/2024\/04\/web-kujtesa-02.jpg?resize=1024%2C1002&amp;ssl=1 1024w, https:\/\/i0.wp.com\/www.kujtesa.com\/wp-content\/uploads\/2024\/04\/web-kujtesa-02.jpg?resize=768%2C751&amp;ssl=1 768w, https:\/\/i0.wp.com\/www.kujtesa.com\/wp-content\/uploads\/2024\/04\/web-kujtesa-02.jpg?resize=12%2C12&amp;ssl=1 12w, https:\/\/i0.wp.com\/www.kujtesa.com\/wp-content\/uploads\/2024\/04\/web-kujtesa-02.jpg?w=1280&amp;ssl=1 1280w\" sizes=\"(max-width: 640px) 100vw, 640px\" \/>\t\t\t\t\t\t\t\t\t\t\t\t\t\t\t<\/div>\n\t\t\t\t<\/div>\n\t\t\t\t\t<\/div>\n\t\t<\/div>\n\t\t\t\t<div class=\"elementor-column elementor-col-50 elementor-inner-column elementor-element elementor-element-1bf6fae tcr-bg-color-transparent\" data-id=\"1bf6fae\" data-element_type=\"column\" data-e-type=\"column\">\n\t\t\t<div class=\"elementor-widget-wrap elementor-element-populated\">\n\t\t\t\t\t\t<div class=\"elementor-element elementor-element-d338281 elementor-widget elementor-widget-text-editor\" data-id=\"d338281\" data-element_type=\"widget\" data-e-type=\"widget\" data-widget_type=\"text-editor.default\">\n\t\t\t\t<div class=\"elementor-widget-container\">\n\t\t\t\t\t\t\t\t\t<p>Sporti n\u00eb Kujtesa, e b\u00ebn platform\u00ebn ton\u00eb larg m\u00eb t\u00eb bujshmen dhe m\u00eb t\u00eb mir\u00ebn pasi defilojn\u00eb ligat m\u00eb ekskluzive sportive n\u00eb t\u00ebr\u00eb vendin dhe ofron mbi 30 liga t\u00eb sporteve m\u00eb me nam si: Premier League, La Liga spanjolle, UEFA Liga e Kampion\u00ebve, Europa League, Conference League, Serie A, Coppa Italia, Ligue 1 e Franc\u00ebs, Superliga e Turqis\u00eb, Euroliga e Basketbollit dhe NBA, Turnet\u00eb prestigjioze t\u00eb ATP dhe WTA, Formula 1 dhe Moto GP e shum\u00eb e shum\u00eb sporte tjera.<\/p>\n<p>N\u00eb Kujtesa i gjeni edhe kampionatet vendore t\u00eb futbollit dhe basketbollit: Superliga e Kosov\u00ebs n\u00eb Futboll, ndeshjet nd\u00ebrkomb\u00ebtare t\u00eb klubeve Kosovare dhe komplet basketbollin e Kosov\u00ebs dhe garat e klubeve dhe p\u00ebrfaq\u00ebsues\u00ebve ton\u00eb n\u00eb&nbsp;FIFA&nbsp;dhe&nbsp;FIBA.<\/p>\t\t\t\t\t\t\t\t<\/div>\n\t\t\t\t<\/div>\n\t\t\t\t\t<\/div>\n\t\t<\/div>\n\t\t\t\t\t<\/div>\n\t\t<\/section>\n\t\t\t\t\t<\/div>\n\t\t<\/div>\n\t\t\t\t\t<\/div>\n\t\t<\/section>\n\t\t\t\t<\/div>","protected":false},"excerpt":{"rendered":"<p>Sporti n\u00eb Kujtesa, e b\u00ebn platform\u00ebn ton\u00eb larg m\u00eb t\u00eb bujshmen dhe m\u00eb t\u00eb mir\u00ebn pasi defilojn\u00eb ligat m\u00eb ekskluzive sportive n\u00eb t\u00ebr\u00eb vendin dhe ofron mbi 30 liga t\u00eb sporteve m\u00eb me nam si: Premier League, La Liga spanjolle, UEFA Liga e Kampion\u00ebve, Europa League, Conference League, Serie A, Coppa Italia, Ligue 1 e [&hellip;]<\/p>\n","protected":false},"author":1,"featured_media":21844,"parent":0,"menu_order":0,"comment_status":"closed","ping_status":"closed","template":"elementor_header_footer","meta":{"_acf_changed":false,"_monsterinsights_skip_tracking":false,"_monsterinsights_sitenote_active":false,"_monsterinsights_sitenote_note":"","_monsterinsights_sitenote_category":0,"footnotes":""},"class_list":["post-20805","page","type-page","status-publish","has-post-thumbnail","hentry"],"acf":[],"yoast_head":"<!-- This site is optimized with the Yoast SEO plugin v27.5 - https:\/\/yoast.com\/product\/yoast-seo-wordpress\/ -->\n<title>Kujtesa Sport | Kujtesa - Kujtesa jote, p\u00ebrjetim i ri<\/title>\n<meta name=\"description\" content=\"Kujtesa Sport: Premier Liga angleze, La Liga Spanjolle, UEFA Liga e Kampioneve, Europa League, Conference League, Coppa Italia, Ligue 1\" \/>\n<meta name=\"robots\" content=\"index, follow, max-snippet:-1, max-image-preview:large, max-video-preview:-1\" \/>\n<link rel=\"canonical\" href=\"https:\/\/www.kujtesa.com\/en\/kujtesa-sport\/\" \/>\n<meta property=\"og:locale\" content=\"en_US\" \/>\n<meta property=\"og:type\" content=\"article\" \/>\n<meta property=\"og:title\" content=\"Kujtesa Sport | Kujtesa - Kujtesa jote, p\u00ebrjetim i ri\" \/>\n<meta property=\"og:description\" content=\"Kujtesa Sport: Premier Liga angleze, La Liga Spanjolle, UEFA Liga e Kampioneve, Europa League, Conference League, Coppa Italia, Ligue 1\" \/>\n<meta property=\"og:url\" content=\"https:\/\/www.kujtesa.com\/en\/kujtesa-sport\/\" \/>\n<meta property=\"og:site_name\" content=\"Kujtesa\" \/>\n<meta property=\"article:publisher\" content=\"https:\/\/www.facebook.com\/KujtesaNet\" \/>\n<meta property=\"article:modified_time\" content=\"2025-09-16T07:37:55+00:00\" \/>\n<meta property=\"og:image\" content=\"https:\/\/www.kujtesa.com\/wp-content\/uploads\/2022\/09\/ogImage_kujtesa-01.png\" \/>\n\t<meta property=\"og:image:width\" content=\"1200\" \/>\n\t<meta property=\"og:image:height\" content=\"630\" \/>\n\t<meta property=\"og:image:type\" content=\"image\/png\" \/>\n<meta name=\"twitter:card\" content=\"summary_large_image\" \/>\n<meta name=\"twitter:label1\" content=\"Est. reading time\" \/>\n\t<meta name=\"twitter:data1\" content=\"1 minute\" \/>\n<script type=\"application\/ld+json\" class=\"yoast-schema-graph\">{\"@context\":\"https:\\\/\\\/schema.org\",\"@graph\":[{\"@type\":\"WebPage\",\"@id\":\"https:\\\/\\\/www.kujtesa.com\\\/kujtesa-sport\\\/\",\"url\":\"https:\\\/\\\/www.kujtesa.com\\\/kujtesa-sport\\\/\",\"name\":\"Kujtesa Sport | Kujtesa - Kujtesa jote, p\u00ebrjetim i ri\",\"isPartOf\":{\"@id\":\"https:\\\/\\\/www.kujtesa.com\\\/#website\"},\"primaryImageOfPage\":{\"@id\":\"https:\\\/\\\/www.kujtesa.com\\\/kujtesa-sport\\\/#primaryimage\"},\"image\":{\"@id\":\"https:\\\/\\\/www.kujtesa.com\\\/kujtesa-sport\\\/#primaryimage\"},\"thumbnailUrl\":\"https:\\\/\\\/i0.wp.com\\\/www.kujtesa.com\\\/wp-content\\\/uploads\\\/2022\\\/09\\\/ogImage_kujtesa-01.png?fit=1200%2C630&ssl=1\",\"datePublished\":\"2022-08-17T07:29:31+00:00\",\"dateModified\":\"2025-09-16T07:37:55+00:00\",\"description\":\"Kujtesa Sport: Premier Liga angleze, La Liga Spanjolle, UEFA Liga e Kampioneve, Europa League, Conference League, Coppa Italia, Ligue 1\",\"breadcrumb\":{\"@id\":\"https:\\\/\\\/www.kujtesa.com\\\/kujtesa-sport\\\/#breadcrumb\"},\"inLanguage\":\"en-US\",\"potentialAction\":[{\"@type\":\"ReadAction\",\"target\":[\"https:\\\/\\\/www.kujtesa.com\\\/kujtesa-sport\\\/\"]}]},{\"@type\":\"ImageObject\",\"inLanguage\":\"en-US\",\"@id\":\"https:\\\/\\\/www.kujtesa.com\\\/kujtesa-sport\\\/#primaryimage\",\"url\":\"https:\\\/\\\/i0.wp.com\\\/www.kujtesa.com\\\/wp-content\\\/uploads\\\/2022\\\/09\\\/ogImage_kujtesa-01.png?fit=1200%2C630&ssl=1\",\"contentUrl\":\"https:\\\/\\\/i0.wp.com\\\/www.kujtesa.com\\\/wp-content\\\/uploads\\\/2022\\\/09\\\/ogImage_kujtesa-01.png?fit=1200%2C630&ssl=1\",\"width\":1200,\"height\":630,\"caption\":\"kujtesa\"},{\"@type\":\"BreadcrumbList\",\"@id\":\"https:\\\/\\\/www.kujtesa.com\\\/kujtesa-sport\\\/#breadcrumb\",\"itemListElement\":[{\"@type\":\"ListItem\",\"position\":1,\"name\":\"Ballina\",\"item\":\"https:\\\/\\\/www.kujtesa.com\\\/\"},{\"@type\":\"ListItem\",\"position\":2,\"name\":\"Kujtesa Sport\"}]},{\"@type\":\"WebSite\",\"@id\":\"https:\\\/\\\/www.kujtesa.com\\\/#website\",\"url\":\"https:\\\/\\\/www.kujtesa.com\\\/\",\"name\":\"Kujtesa\",\"description\":\"\",\"publisher\":{\"@id\":\"https:\\\/\\\/www.kujtesa.com\\\/#organization\"},\"potentialAction\":[{\"@type\":\"SearchAction\",\"target\":{\"@type\":\"EntryPoint\",\"urlTemplate\":\"https:\\\/\\\/www.kujtesa.com\\\/?s={search_term_string}\"},\"query-input\":{\"@type\":\"PropertyValueSpecification\",\"valueRequired\":true,\"valueName\":\"search_term_string\"}}],\"inLanguage\":\"en-US\"},{\"@type\":\"Organization\",\"@id\":\"https:\\\/\\\/www.kujtesa.com\\\/#organization\",\"name\":\"Kujtesa Net\",\"url\":\"https:\\\/\\\/www.kujtesa.com\\\/\",\"logo\":{\"@type\":\"ImageObject\",\"inLanguage\":\"en-US\",\"@id\":\"https:\\\/\\\/www.kujtesa.com\\\/#\\\/schema\\\/logo\\\/image\\\/\",\"url\":\"https:\\\/\\\/www.kujtesa.com\\\/wp-content\\\/uploads\\\/2022\\\/08\\\/k_logo.png\",\"contentUrl\":\"https:\\\/\\\/www.kujtesa.com\\\/wp-content\\\/uploads\\\/2022\\\/08\\\/k_logo.png\",\"width\":300,\"height\":233,\"caption\":\"Kujtesa Net\"},\"image\":{\"@id\":\"https:\\\/\\\/www.kujtesa.com\\\/#\\\/schema\\\/logo\\\/image\\\/\"},\"sameAs\":[\"https:\\\/\\\/www.facebook.com\\\/KujtesaNet\",\"https:\\\/\\\/www.linkedin.com\\\/company\\\/kujtesa\\\/mycompany\\\/\",\"https:\\\/\\\/www.youtube.com\\\/channel\\\/UCuHH5ROizCFOirRY8b47dPA\",\"https:\\\/\\\/www.instagram.com\\\/KujtesaOfficial\\\/\"]}]}<\/script>\n<!-- \/ Yoast SEO plugin. -->","yoast_head_json":{"title":"Kujtesa Sport | Kujtesa - Kujtesa jote, p\u00ebrjetim i ri","description":"Kujtesa Sport: Premier Liga angleze, La Liga Spanjolle, UEFA Liga e Kampioneve, Europa League, Conference League, Coppa Italia, Ligue 1","robots":{"index":"index","follow":"follow","max-snippet":"max-snippet:-1","max-image-preview":"max-image-preview:large","max-video-preview":"max-video-preview:-1"},"canonical":"https:\/\/www.kujtesa.com\/en\/kujtesa-sport\/","og_locale":"en_US","og_type":"article","og_title":"Kujtesa Sport | Kujtesa - Kujtesa jote, p\u00ebrjetim i ri","og_description":"Kujtesa Sport: Premier Liga angleze, La Liga Spanjolle, UEFA Liga e Kampioneve, Europa League, Conference League, Coppa Italia, Ligue 1","og_url":"https:\/\/www.kujtesa.com\/en\/kujtesa-sport\/","og_site_name":"Kujtesa","article_publisher":"https:\/\/www.facebook.com\/KujtesaNet","article_modified_time":"2025-09-16T07:37:55+00:00","og_image":[{"width":1200,"height":630,"url":"https:\/\/www.kujtesa.com\/wp-content\/uploads\/2022\/09\/ogImage_kujtesa-01.png","type":"image\/png"}],"twitter_card":"summary_large_image","twitter_misc":{"Est. reading time":"1 minute"},"schema":{"@context":"https:\/\/schema.org","@graph":[{"@type":"WebPage","@id":"https:\/\/www.kujtesa.com\/kujtesa-sport\/","url":"https:\/\/www.kujtesa.com\/kujtesa-sport\/","name":"Kujtesa Sport | Kujtesa - Kujtesa jote, p\u00ebrjetim i ri","isPartOf":{"@id":"https:\/\/www.kujtesa.com\/#website"},"primaryImageOfPage":{"@id":"https:\/\/www.kujtesa.com\/kujtesa-sport\/#primaryimage"},"image":{"@id":"https:\/\/www.kujtesa.com\/kujtesa-sport\/#primaryimage"},"thumbnailUrl":"https:\/\/i0.wp.com\/www.kujtesa.com\/wp-content\/uploads\/2022\/09\/ogImage_kujtesa-01.png?fit=1200%2C630&ssl=1","datePublished":"2022-08-17T07:29:31+00:00","dateModified":"2025-09-16T07:37:55+00:00","description":"Kujtesa Sport: Premier Liga angleze, La Liga Spanjolle, UEFA Liga e Kampioneve, Europa League, Conference League, Coppa Italia, Ligue 1","breadcrumb":{"@id":"https:\/\/www.kujtesa.com\/kujtesa-sport\/#breadcrumb"},"inLanguage":"en-US","potentialAction":[{"@type":"ReadAction","target":["https:\/\/www.kujtesa.com\/kujtesa-sport\/"]}]},{"@type":"ImageObject","inLanguage":"en-US","@id":"https:\/\/www.kujtesa.com\/kujtesa-sport\/#primaryimage","url":"https:\/\/i0.wp.com\/www.kujtesa.com\/wp-content\/uploads\/2022\/09\/ogImage_kujtesa-01.png?fit=1200%2C630&ssl=1","contentUrl":"https:\/\/i0.wp.com\/www.kujtesa.com\/wp-content\/uploads\/2022\/09\/ogImage_kujtesa-01.png?fit=1200%2C630&ssl=1","width":1200,"height":630,"caption":"kujtesa"},{"@type":"BreadcrumbList","@id":"https:\/\/www.kujtesa.com\/kujtesa-sport\/#breadcrumb","itemListElement":[{"@type":"ListItem","position":1,"name":"Ballina","item":"https:\/\/www.kujtesa.com\/"},{"@type":"ListItem","position":2,"name":"Kujtesa Sport"}]},{"@type":"WebSite","@id":"https:\/\/www.kujtesa.com\/#website","url":"https:\/\/www.kujtesa.com\/","name":"Kujtesa","description":"","publisher":{"@id":"https:\/\/www.kujtesa.com\/#organization"},"potentialAction":[{"@type":"SearchAction","target":{"@type":"EntryPoint","urlTemplate":"https:\/\/www.kujtesa.com\/?s={search_term_string}"},"query-input":{"@type":"PropertyValueSpecification","valueRequired":true,"valueName":"search_term_string"}}],"inLanguage":"en-US"},{"@type":"Organization","@id":"https:\/\/www.kujtesa.com\/#organization","name":"Kujtesa Net","url":"https:\/\/www.kujtesa.com\/","logo":{"@type":"ImageObject","inLanguage":"en-US","@id":"https:\/\/www.kujtesa.com\/#\/schema\/logo\/image\/","url":"https:\/\/www.kujtesa.com\/wp-content\/uploads\/2022\/08\/k_logo.png","contentUrl":"https:\/\/www.kujtesa.com\/wp-content\/uploads\/2022\/08\/k_logo.png","width":300,"height":233,"caption":"Kujtesa Net"},"image":{"@id":"https:\/\/www.kujtesa.com\/#\/schema\/logo\/image\/"},"sameAs":["https:\/\/www.facebook.com\/KujtesaNet","https:\/\/www.linkedin.com\/company\/kujtesa\/mycompany\/","https:\/\/www.youtube.com\/channel\/UCuHH5ROizCFOirRY8b47dPA","https:\/\/www.instagram.com\/KujtesaOfficial\/"]}]}},"jetpack-related-posts":[{"id":20803,"url":"http:\/\/www.kujtesa.com\/en\/per-shtepi\/","url_meta":{"origin":20805,"position":0},"title":"Residents","author":"kujtesaDco","date":"August 17, 2022","format":false,"excerpt":"PAKO KUJTESA Pakot e sh\u00ebrbimeve Kujtesa p\u00ebr sht\u00ebpi ofron sh\u00ebrbime t\u00eb internetit dhe t\u00eb platform\u00ebs televizive p\u00ebr klintet e saj. Duke pas n\u00eb dispozicion tri pako t\u00eb ndryshme q\u00eb klient\u00ebt t\u00eb ken\u00eb mundesi p\u00ebrzgjedhje var\u00ebsisht nga preferencat q\u00eb ata kan\u00eb. Pako Full: ofron deri n\u00eb 500Mbps shpejt\u00ebsi t\u00eb internetit dhe\u2026","rel":"","context":"Similar post","block_context":{"text":"Similar post","link":""},"img":{"alt_text":"Kujtesa | Internet | Sport | TV","src":"https:\/\/i0.wp.com\/www.kujtesa.com\/wp-content\/uploads\/2022\/09\/kujtesa_imazh-1.png?fit=1200%2C630&ssl=1&resize=350%2C200","width":350,"height":200,"srcset":"https:\/\/i0.wp.com\/www.kujtesa.com\/wp-content\/uploads\/2022\/09\/kujtesa_imazh-1.png?fit=1200%2C630&ssl=1&resize=350%2C200 1x, https:\/\/i0.wp.com\/www.kujtesa.com\/wp-content\/uploads\/2022\/09\/kujtesa_imazh-1.png?fit=1200%2C630&ssl=1&resize=525%2C300 1.5x, https:\/\/i0.wp.com\/www.kujtesa.com\/wp-content\/uploads\/2022\/09\/kujtesa_imazh-1.png?fit=1200%2C630&ssl=1&resize=700%2C400 2x, https:\/\/i0.wp.com\/www.kujtesa.com\/wp-content\/uploads\/2022\/09\/kujtesa_imazh-1.png?fit=1200%2C630&ssl=1&resize=1050%2C600 3x"},"classes":[]},{"id":13653,"url":"http:\/\/www.kujtesa.com\/en\/","url_meta":{"origin":20805,"position":1},"title":"Home","author":"kujtesaDco","date":"March 1, 2022","format":false,"excerpt":"Kujtesa jote,P\u00ebrjetim i ri Platforma m\u00eb e fort\u00eb n\u00eb treg me internetin m\u00eb t\u00eb shpejt\u00eb p\u00ebr sht\u00ebpin\u00eb apo biznesin tuaj, me platform\u00ebn m\u00eb t\u00eb gjer\u00eb televizive.Internet | HD TV | HD Sport bone oferten p\u00ebr veti Plani i sh\u00ebrbimeve 11+1 Pako Full Internet + TV + SPort 34.50\u20ac 29.50\u20ac n\u00eb\u2026","rel":"","context":"Similar post","block_context":{"text":"Similar post","link":""},"img":{"alt_text":"Kujtesa | Internet | Sport | TV","src":"https:\/\/i0.wp.com\/www.kujtesa.com\/wp-content\/uploads\/2022\/09\/kujtesa_imazh-1.png?fit=1200%2C630&ssl=1&resize=350%2C200","width":350,"height":200,"srcset":"https:\/\/i0.wp.com\/www.kujtesa.com\/wp-content\/uploads\/2022\/09\/kujtesa_imazh-1.png?fit=1200%2C630&ssl=1&resize=350%2C200 1x, https:\/\/i0.wp.com\/www.kujtesa.com\/wp-content\/uploads\/2022\/09\/kujtesa_imazh-1.png?fit=1200%2C630&ssl=1&resize=525%2C300 1.5x, https:\/\/i0.wp.com\/www.kujtesa.com\/wp-content\/uploads\/2022\/09\/kujtesa_imazh-1.png?fit=1200%2C630&ssl=1&resize=700%2C400 2x, https:\/\/i0.wp.com\/www.kujtesa.com\/wp-content\/uploads\/2022\/09\/kujtesa_imazh-1.png?fit=1200%2C630&ssl=1&resize=1050%2C600 3x"},"classes":[]},{"id":24066,"url":"http:\/\/www.kujtesa.com\/en\/per-shtepi\/pako-full\/","url_meta":{"origin":20805,"position":2},"title":"Pako Full","author":"kujtesaDco","date":"April 9, 2024","format":false,"excerpt":"Pako Full ofron deri n\u00eb 500Mbps shpejt\u00ebsi t\u00eb internetit dhe mbi 280+ kanale t\u00eb reja komb\u00ebtare e nd\u00ebrkomb\u00ebtare, me filmat m\u00eb t\u00eb fundit, emisione dhe seriale pa fund dhe platform\u00ebn e kanaleve Turke. E p\u00ebr Sport dash\u00ebsit tan\u00eb, tani mund t\u00eb shikojn\u00eb 30+ Ligat m\u00eb ekskluzive t\u00eb Sportit nd\u00ebrkomb\u00ebtar n\u00eb\u2026","rel":"","context":"Similar post","block_context":{"text":"Similar post","link":""},"img":{"alt_text":"","src":"https:\/\/i0.wp.com\/www.kujtesa.com\/wp-content\/uploads\/2025\/11\/pakot-per-web-kujtesa-05.png?resize=350%2C200&ssl=1","width":350,"height":200},"classes":[]},{"id":22970,"url":"http:\/\/www.kujtesa.com\/en\/per-shtepi\/pako-familjare-pro\/","url_meta":{"origin":20805,"position":3},"title":"Family Pro","author":"kujtesaDco","date":"November 16, 2022","format":false,"excerpt":"Pako Familjare Pro ofron deri n\u00eb 250Mbps shpejt\u00ebsi t\u00eb internetit dhe mbi 250+ kanale t\u00eb reja komb\u00ebtare e nd\u00ebrkomb\u00ebtare, me filmat m\u00eb t\u00eb fundit, emisione dhe seriale pa fund dhe platform\u00ebn e kanaleve Turke. P\u00ebr Sport dash\u00ebsit tan\u00eb, tani mund t\u00eb shikojn\u00eb mbi 30 kanal sportive.Ofertat\u00a0p\u00ebr Pako Familjare Pro: 1\u2026","rel":"","context":"Similar post","block_context":{"text":"Similar post","link":""},"img":{"alt_text":"Pako Familjare Pro","src":"https:\/\/i0.wp.com\/www.kujtesa.com\/wp-content\/uploads\/2022\/11\/315628084_502981555206236_1448609288779833758_n-1.jpg?fit=1200%2C1200&ssl=1&resize=350%2C200","width":350,"height":200,"srcset":"https:\/\/i0.wp.com\/www.kujtesa.com\/wp-content\/uploads\/2022\/11\/315628084_502981555206236_1448609288779833758_n-1.jpg?fit=1200%2C1200&ssl=1&resize=350%2C200 1x, https:\/\/i0.wp.com\/www.kujtesa.com\/wp-content\/uploads\/2022\/11\/315628084_502981555206236_1448609288779833758_n-1.jpg?fit=1200%2C1200&ssl=1&resize=525%2C300 1.5x, https:\/\/i0.wp.com\/www.kujtesa.com\/wp-content\/uploads\/2022\/11\/315628084_502981555206236_1448609288779833758_n-1.jpg?fit=1200%2C1200&ssl=1&resize=700%2C400 2x, https:\/\/i0.wp.com\/www.kujtesa.com\/wp-content\/uploads\/2022\/11\/315628084_502981555206236_1448609288779833758_n-1.jpg?fit=1200%2C1200&ssl=1&resize=1050%2C600 3x"},"classes":[]},{"id":22019,"url":"http:\/\/www.kujtesa.com\/en\/per-shtepi\/pako-premium-pro\/","url_meta":{"origin":20805,"position":4},"title":"Premium Pro","author":"kujtesaDco","date":"October 3, 2022","format":false,"excerpt":"Pako Premium Pro ofron deri n\u00eb 500Mbps shpejt\u00ebsi t\u00eb internetit dhe mbi 260+ kanale t\u00eb reja komb\u00ebtare e nd\u00ebrkomb\u00ebtare, me filmat m\u00eb t\u00eb fundit, emisione dhe seriale pa fund dhe platform\u00ebn e kanaleve Turke. E p\u00ebr Sport dash\u00ebsit tan\u00eb, tani mund t\u00eb shikojn\u00eb mbi 30 kanale sportive.Ekskluzivisht n\u00eb Premium Pro\u2026","rel":"","context":"Similar post","block_context":{"text":"Similar post","link":""},"img":{"alt_text":"Pako Premium Pro","src":"https:\/\/i0.wp.com\/www.kujtesa.com\/wp-content\/uploads\/2022\/11\/314904796_502982518539473_4117906323750513209_n.jpg?fit=1200%2C1200&ssl=1&resize=350%2C200","width":350,"height":200,"srcset":"https:\/\/i0.wp.com\/www.kujtesa.com\/wp-content\/uploads\/2022\/11\/314904796_502982518539473_4117906323750513209_n.jpg?fit=1200%2C1200&ssl=1&resize=350%2C200 1x, https:\/\/i0.wp.com\/www.kujtesa.com\/wp-content\/uploads\/2022\/11\/314904796_502982518539473_4117906323750513209_n.jpg?fit=1200%2C1200&ssl=1&resize=525%2C300 1.5x, https:\/\/i0.wp.com\/www.kujtesa.com\/wp-content\/uploads\/2022\/11\/314904796_502982518539473_4117906323750513209_n.jpg?fit=1200%2C1200&ssl=1&resize=700%2C400 2x, https:\/\/i0.wp.com\/www.kujtesa.com\/wp-content\/uploads\/2022\/11\/314904796_502982518539473_4117906323750513209_n.jpg?fit=1200%2C1200&ssl=1&resize=1050%2C600 3x"},"classes":[]},{"id":25351,"url":"http:\/\/www.kujtesa.com\/en\/kujtesa-perditeson-oferten-televizive-per-vitin-2026\/","url_meta":{"origin":20805,"position":5},"title":"Lajm: Kujtesa p\u00ebrdit\u00ebson ofert\u00ebn televizive p\u00ebr vitin 2026","author":"kujtesaDco","date":"January 13, 2026","format":false,"excerpt":"Dt: 10.01.2026Kompania Kujtesa njofton t\u00eb gjith\u00eb klient\u00ebt e saj se po vazhdon me faz\u00ebn e radh\u00ebs t\u00eb modernizimit t\u00eb platform\u00ebs televizive. Si pjes\u00eb e k\u00ebtij plani p\u00ebr t\u00eb sjell\u00eb p\u00ebrmbajtje m\u00eb inovative, lista e kanaleve tona do t\u00eb p\u00ebsoj\u00eb disa modifikime strukturale.N\u00eb kuad\u00ebr t\u00eb k\u00ebtij p\u00ebrdit\u00ebsimi, ju informojm\u00eb se transmetimi\u2026","rel":"","context":"Similar post","block_context":{"text":"Similar post","link":""},"img":{"alt_text":"","src":"","width":0,"height":0},"classes":[]}],"jetpack_sharing_enabled":true,"_links":{"self":[{"href":"http:\/\/www.kujtesa.com\/en\/wp-json\/wp\/v2\/pages\/20805","targetHints":{"allow":["GET"]}}],"collection":[{"href":"http:\/\/www.kujtesa.com\/en\/wp-json\/wp\/v2\/pages"}],"about":[{"href":"http:\/\/www.kujtesa.com\/en\/wp-json\/wp\/v2\/types\/page"}],"author":[{"embeddable":true,"href":"http:\/\/www.kujtesa.com\/en\/wp-json\/wp\/v2\/users\/1"}],"replies":[{"embeddable":true,"href":"http:\/\/www.kujtesa.com\/en\/wp-json\/wp\/v2\/comments?post=20805"}],"version-history":[{"count":46,"href":"http:\/\/www.kujtesa.com\/en\/wp-json\/wp\/v2\/pages\/20805\/revisions"}],"predecessor-version":[{"id":25231,"href":"http:\/\/www.kujtesa.com\/en\/wp-json\/wp\/v2\/pages\/20805\/revisions\/25231"}],"wp:featuredmedia":[{"embeddable":true,"href":"http:\/\/www.kujtesa.com\/en\/wp-json\/wp\/v2\/media\/21844"}],"wp:attachment":[{"href":"http:\/\/www.kujtesa.com\/en\/wp-json\/wp\/v2\/media?parent=20805"}],"curies":[{"name":"wp","href":"https:\/\/api.w.org\/{rel}","templated":true}]}}